{"id":268,"date":"2021-09-20T14:01:29","date_gmt":"2021-09-20T12:01:29","guid":{"rendered":"https:\/\/www.larrywilde.com\/?page_id=268"},"modified":"2023-07-07T12:04:32","modified_gmt":"2023-07-07T10:04:32","slug":"onlinecasinoer","status":"publish","type":"page","link":"https:\/\/www.larrywilde.com\/da\/","title":{"rendered":"De nyeste online casinoer i Danmark"},"content":{"rendered":"\n<p><h1>De nyeste online casinoer i Danmark<\/h1>\n<p>Der bliver l\u00f8bende introduceret nye casinoer i Danmark. Hvert \u00e5r s\u00f8ger flere spillevirksomheder om licens fra Spillemyndigheden i Danmark i h\u00e5b om at blive godkendt og kunne udbyde spil til danskerne.<\/p><\/p>\n\n\n<p><!--more--><\/p>\n\n\n<p>Sidste \u00e5r blev der introduceret mindst ni nye online casinoer til danskerne. I \u00e5r er mindst tre nye online casino sider \u00e5bnet op for danskerne. Her er der tale om PlayToro Casino, Tombola Casino og Miami Jackpots, som du kan l\u00e6se mere om nedenfor.<\/p>\n\n\n\n<h2>PlayToro Casino har over 2500 spil<\/h2>\n\n\n\n<p><p>Som du m\u00e5ske allerede ved, er der meget konkurrence inden for spilsektoren med online casino i Danmark. Det vidste PlayToro Casino, og derfor har de fokuseret p\u00e5 at levere et godt produkt for at kunne konkurrere med de allerede etablerede sider.<\/p>\n<p><img loading=\"lazy\" class=\"alignnone size-full wp-image-278\" src=\"https:\/\/www.larrywilde.com\/wp-content\/uploads\/2021\/09\/PlayToro.jpg\" alt=\"PlayToro\" width=\"1025\" height=\"394\" srcset=\"https:\/\/www.larrywilde.com\/wp-content\/uploads\/2021\/09\/PlayToro.jpg 1025w, https:\/\/www.larrywilde.com\/wp-content\/uploads\/2021\/09\/PlayToro-300x115.jpg 300w, https:\/\/www.larrywilde.com\/wp-content\/uploads\/2021\/09\/PlayToro-768x295.jpg 768w\" sizes=\"(max-width: 1025px) 100vw, 1025px\" \/><\/p><\/p>\n\n\n\n<p>PlayToro Casino fik licens af Spillemyndigheden i Danmark i april 2021. Siden da har flere danskere allerede oprettet sig p\u00e5 spillesiden med over 2500 spil.<\/p>\n\n\n\n<p>Det hele leveres p\u00e5 en imponerende platform med masser af farver, intuitiv brugeroplevelse, og casino bonus i lange baner. Her kan nye medlemmer oprette sig med en velkomstbonus p\u00e5 100 % op til 500 kr., s\u00e5 l\u00e6nge at de s\u00f8rger for at opfylde vilk\u00e5r og betingelser.&nbsp;<\/p>\n\n\n\n<p>Toro betyder tyr p\u00e5 spansk, og derfor kan du finde en sjov tyr, som g\u00e5r igen og igen p\u00e5 det online casino. Det fremg\u00e5r blandt andet med VIP-programmet, som har forskellige niveauer med flotte tyresymboler. Bes\u00f8g siden og se det med dine egne \u00f8jne.<\/p>\n\n\n\n<h2>Tombola Casino<\/h2>\n\n\n\n<p>En anden interessant tilf\u00f8jelse til online casino i Danmark er Tombola. Der findes efterh\u00e5nden s\u00e5 mange casinoer at vi ikke har tal p\u00e5 dem, men det er kun et begr\u00e6nset udvalg af dem, som byder p\u00e5 online bingo. Tombola er nu en af dem efter at de fik licens til at udbnyde spil i Danmark i marts 2021.<\/p>\n\n\n\n<p>De kalder sig for Danmarks hyggeliste bingosite, og her kan du tilmelde dig med en velkomstbonus p\u00e5 100 % op til 500 kr. S\u00f8rg naturligvis for at tjekke vilk\u00e5r og betingelser, som er nemme at finde p\u00e5 bingosiden. Det online casino har naturligvis ogs\u00e5 spilleautomater, som er s\u00e5 popul\u00e6re at de ikke b\u00f8r mangle p\u00e5 en spilleside nu til dags.<\/p>\n\n\n\n<p>Det vil sige at der er tale om en god, brugervenlig spilleside med casino og bingo. Mens du kan spille bingo helt ned fra kun en enkelt krone, kan du satse mellem 50 \u00f8re og 10 kroner p\u00e5 spilleautomaterne. Det giver alle mulighed for at v\u00e6re med hos Tombola.<\/p>\n\n\n\n<h2>Miami Jackpots<\/h2>\n\n\n\n<p><p>Miami Jackpots var den f\u00f8rste i r\u00e6kken til at f\u00e5 godkendt sin ans\u00f8gning om spillelicens i 2021 i Danmark. Mens de to f\u00f8rn\u00e6vnte sider kommer i mere livlige pastelfarver, g\u00e5r Miami Jackpots efter et mere elegant og sofistikeret look med m\u00f8rke farver. Det ene er ikke bedre end det andet, da det afh\u00e6nger af hvad du er ude efter.<\/p>\n<p><img loading=\"lazy\" class=\"alignnone wp-image-275 size-full\" src=\"https:\/\/www.larrywilde.com\/wp-content\/uploads\/2021\/09\/PlayToro-velkomstbonus.jpg\" alt=\"Miami Jackpots \" width=\"1025\" height=\"477\" srcset=\"https:\/\/www.larrywilde.com\/wp-content\/uploads\/2021\/09\/PlayToro-velkomstbonus.jpg 1025w, https:\/\/www.larrywilde.com\/wp-content\/uploads\/2021\/09\/PlayToro-velkomstbonus-300x140.jpg 300w, https:\/\/www.larrywilde.com\/wp-content\/uploads\/2021\/09\/PlayToro-velkomstbonus-768x357.jpg 768w\" sizes=\"(max-width: 1025px) 100vw, 1025px\" \/><\/p><\/p>\n\n\n\n<p>Du kan nemt danne et overblik over spiloplevelsen med menuen til venstre. Her kan du klikke p\u00e5 spil og se at det er muligt at v\u00e6lge mellem over 2000 forskellige casino spil. Det online casino har opdelt sine spil efter popul\u00e6re, spilleautomater, <a href=\"https:\/\/www.larrywilde.com\/da\/evolution-gaming-casinoer\/\">live dealere<\/a>, roulette og poker. Desuden kan du ogs\u00e5 benytte s\u00f8gefunktionen, som mange s\u00e6tter pris p\u00e5 at kunne bruge.<\/p>\n\n\n\n<p><p>P\u00e5 dette online casino kan du ogs\u00e5 f\u00e5 velkomstbonus. Der er en Miami Jackpots casino bonus til nye medlemmer p\u00e5 100 % op til 500 kr. Her skal du blandt andet v\u00e6re opm\u00e6rksom p\u00e5 Miami Jackpots bonuskoden \u201dMJ100\u201d.<\/p>\n<p><img loading=\"lazy\" class=\"alignnone wp-image-272 size-full\" src=\"https:\/\/www.larrywilde.com\/wp-content\/uploads\/2021\/09\/Miami-Jackpots.jpg\" alt=\"Miami Jackpots - velkomstbonus\" width=\"1025\" height=\"402\" srcset=\"https:\/\/www.larrywilde.com\/wp-content\/uploads\/2021\/09\/Miami-Jackpots.jpg 1025w, https:\/\/www.larrywilde.com\/wp-content\/uploads\/2021\/09\/Miami-Jackpots-300x118.jpg 300w, https:\/\/www.larrywilde.com\/wp-content\/uploads\/2021\/09\/Miami-Jackpots-768x301.jpg 768w\" sizes=\"(max-width: 1025px) 100vw, 1025px\" \/><\/p><\/p>\n\n\n\n<p>Desuden er der gennemspilskrav p\u00e5 10 gange, som skal opfyldes inden for 60 dage. Du kan nemt l\u00e6se alle vilk\u00e5r og betingelser for Miami Jackpots velkomstbonus direkte hos det online casino. \u00d8nsker du at v\u00e6re blandt de f\u00f8rste i Danmark til at pr\u00f8ve det af?&nbsp;<\/p>\n\n\n\n<h2>Kommer der flere nye danske online casinoer i 2023?<\/h2>\n\n\n\n<p>Mens vi ikke kan vide det med sikkerhed, er det meget sandsynligt at der kommer flere nye online casino sider i Danmark i 2021. Som sagt kom der mindst ni nye spillesider i 2020, som vi har kendskab til, og der er allerede kommet tre nye i 2021.<\/p>\n\n\n\n<p>Spilsektoren er en sektor i rivende udvikling, og det at du l\u00e6ser med her, er blot med til at bekr\u00e6fte den h\u00f8je interesse. Vi inviterer dig til at f\u00f8lge med her p\u00e5 siden, s\u00e5 du altid kan h\u00f8re om de seneste nye online casinoer i Danmark.<\/p>\n\n\n\n<p>L\u00e6s ogs\u00e5:\u00a0<a href=\"https:\/\/www.larrywilde.com\/da\/netent\/\">De bedste nye spillemaskiner fra NetEnt<\/a>.<\/p>\n\n\n\n<h2>FAQ<\/h2>\n\n\n        <section        class=\"sc_fs_faq sc_card\"\n\t\t        >\n\t\t\t\t<h3>Er online gambling lovligt i Danmark?<\/h3>\t\t        <div>\n\t\t\t            <div class=\"sc_fs_faq__content\">\n\t\t\t\t\n\n<p>Ja, online gambling er lovligt i Danmark og reguleres af Spillemyndigheden (DGA). Alle online casinoer skal have licens fra DGA, og aktiviteten overv\u00e5ges st\u00e6rkt for at sikre, at alle operat\u00f8rer overholder den danske spillelovgivning.<\/p>\n\n            <\/div>\n        <\/div>\n        <\/section>\n\t        <section        class=\"sc_fs_faq sc_card\"\n\t\t        >\n\t\t\t\t<h3>Tilbyder alle online casinoer i Danmark sikre ind- og udbetalinger?<\/h3>\t\t        <div>\n\t\t\t            <div class=\"sc_fs_faq__content\">\n\t\t\t\t\n\n<p>Ja, alle online casinoer i Danmark er forpligtet til at tilbyde sikre ind- og udbetalinger. Spillemyndigheden sikrer, at alle operat\u00f8rer, der tilbyder tjenester til danske beboere, overholder strenge sikkerhedsstandarder.<\/p>\n\n            <\/div>\n        <\/div>\n        <\/section>\n\t        <section        class=\"sc_fs_faq sc_card\"\n\t\t        >\n\t\t\t\t<h3>Hvordan fungerer online casinoer?<\/h3>\t\t        <div>\n\t\t\t            <div class=\"sc_fs_faq__content\">\n\t\t\t\t\n\n<p>Onlinekasinoer er virtuelle versioner af traditionelle landbaserede casinoer. De giver spillere mulighed for at logge ind og spille en r\u00e6kke forskellige spil via internettet. For at bruge et online casino skal spillere f\u00f8rst registrere sig p\u00e5 hjemmesiden og oprette en konto.<\/p>\n\n            <\/div>\n        <\/div>\n        <\/section>\n\t        <section        class=\"sc_fs_faq sc_card\"\n\t\t        >\n\t\t\t\t<h3>Kan man stole p\u00e5 onlinekasinoer?<\/h3>\t\t        <div>\n\t\t\t            <div class=\"sc_fs_faq__content\">\n\t\t\t\t\n\n<p>Onlinekasinoer kan v\u00e6re en fantastisk m\u00e5de at have det sjovt og vinde penge, men det er vigtigt at huske, at de stadig er gamblingsider. Det betyder, at der altid er mulighed for, at spillere kan opleve negative konsekvenser, hvis deres spilleadf\u00e6rd bliver overdreven eller problematisk.<\/p>\n\n            <\/div>\n        <\/div>\n        <\/section>\n\t        <section        class=\"sc_fs_faq sc_card\"\n\t\t        >\n\t\t\t\t<h3>Er mine betalingsoplysninger sikre?<\/h3>\t\t        <div>\n\t\t\t            <div class=\"sc_fs_faq__content\">\n\t\t\t\t\n\n<p>Ja, n\u00e5r du spiller online casino i Danmark, kan du v\u00e6re sikker p\u00e5, at dine betalingsoplysninger er sikre. Alle kasinoer, der er reguleret af Spillemyndigheden (Spillestyrelsen) skal overholde strenge sikkerheds- og databeskyttelsesforskrifter for at sikre spillernes sikkerhed. Dette inkluderer brug af den nyeste krypteringsteknologi for at sikre, at alle betalinger og personlige oplysninger er sikret mod uautoriseret adgang.<\/p>\n\n            <\/div>\n        <\/div>\n        <\/section>\n\t        <section        class=\"sc_fs_faq sc_card\"\n\t\t        >\n\t\t\t\t<h3>Kan jeg spille online for rigtige penge i Danmark?<\/h3>\t\t        <div>\n\t\t\t            <div class=\"sc_fs_faq__content\">\n\t\t\t\t\n\n<p>Ja, du kan spille online for rigtige penge i Danmark. Der er en r\u00e6kke online casinoer, der lovligt opererer i landet og tilbyder en bred vifte af spiltjenester.<\/p>\n\n            <\/div>\n        <\/div>\n        <\/section>\n\t        <section        class=\"sc_fs_faq sc_card\"\n\t\t        >\n\t\t\t\t<h3>Hvad er lovene om onlinespil i Danmark?<\/h3>\t\t        <div>\n\t\t\t            <div class=\"sc_fs_faq__content\">\n\t\t\t\t\n\n<p>Lovgivningen om onlinespil i Danmark er underlagt den danske spillelov, som blev vedtaget i 2012.<\/p>\n\n            <\/div>\n        <\/div>\n        <\/section>\n\t\n<script type=\"application\/ld+json\">\n    {\n        \"@context\": \"https:\/\/schema.org\",\n        \"@type\": \"FAQPage\",\n        \"mainEntity\": [\n                    {\n                \"@type\": \"Question\",\n                \"name\": \"Er online gambling lovligt i Danmark?\",\n                \"acceptedAnswer\": {\n                    \"@type\": \"Answer\",\n                    \"text\": \"\n\n<p>Ja, online gambling er lovligt i Danmark og reguleres af Spillemyndigheden (DGA). Alle online casinoer skal have licens fra DGA, og aktiviteten overv\u00e5ges st\u00e6rkt for at sikre, at alle operat\u00f8rer overholder den danske spillelovgivning.<\/p>\n\n\"\n                                    }\n            }\n            ,\t            {\n                \"@type\": \"Question\",\n                \"name\": \"Tilbyder alle online casinoer i Danmark sikre ind- og udbetalinger?\",\n                \"acceptedAnswer\": {\n                    \"@type\": \"Answer\",\n                    \"text\": \"\n\n<p>Ja, alle online casinoer i Danmark er forpligtet til at tilbyde sikre ind- og udbetalinger. Spillemyndigheden sikrer, at alle operat\u00f8rer, der tilbyder tjenester til danske beboere, overholder strenge sikkerhedsstandarder.<\/p>\n\n\"\n                                    }\n            }\n            ,\t            {\n                \"@type\": \"Question\",\n                \"name\": \"Hvordan fungerer online casinoer?\",\n                \"acceptedAnswer\": {\n                    \"@type\": \"Answer\",\n                    \"text\": \"\n\n<p>Onlinekasinoer er virtuelle versioner af traditionelle landbaserede casinoer. De giver spillere mulighed for at logge ind og spille en r\u00e6kke forskellige spil via internettet. For at bruge et online casino skal spillere f\u00f8rst registrere sig p\u00e5 hjemmesiden og oprette en konto.<\/p>\n\n\"\n                                    }\n            }\n            ,\t            {\n                \"@type\": \"Question\",\n                \"name\": \"Kan man stole p\u00e5 onlinekasinoer?\",\n                \"acceptedAnswer\": {\n                    \"@type\": \"Answer\",\n                    \"text\": \"\n\n<p>Onlinekasinoer kan v\u00e6re en fantastisk m\u00e5de at have det sjovt og vinde penge, men det er vigtigt at huske, at de stadig er gamblingsider. Det betyder, at der altid er mulighed for, at spillere kan opleve negative konsekvenser, hvis deres spilleadf\u00e6rd bliver overdreven eller problematisk.<\/p>\n\n\"\n                                    }\n            }\n            ,\t            {\n                \"@type\": \"Question\",\n                \"name\": \"Er mine betalingsoplysninger sikre?\",\n                \"acceptedAnswer\": {\n                    \"@type\": \"Answer\",\n                    \"text\": \"\n\n<p>Ja, n\u00e5r du spiller online casino i Danmark, kan du v\u00e6re sikker p\u00e5, at dine betalingsoplysninger er sikre. Alle kasinoer, der er reguleret af Spillemyndigheden (Spillestyrelsen) skal overholde strenge sikkerheds- og databeskyttelsesforskrifter for at sikre spillernes sikkerhed. Dette inkluderer brug af den nyeste krypteringsteknologi for at sikre, at alle betalinger og personlige oplysninger er sikret mod uautoriseret adgang.<\/p>\n\n\"\n                                    }\n            }\n            ,\t            {\n                \"@type\": \"Question\",\n                \"name\": \"Kan jeg spille online for rigtige penge i Danmark?\",\n                \"acceptedAnswer\": {\n                    \"@type\": \"Answer\",\n                    \"text\": \"\n\n<p>Ja, du kan spille online for rigtige penge i Danmark. Der er en r\u00e6kke online casinoer, der lovligt opererer i landet og tilbyder en bred vifte af spiltjenester.<\/p>\n\n\"\n                                    }\n            }\n            ,\t            {\n                \"@type\": \"Question\",\n                \"name\": \"Hvad er lovene om onlinespil i Danmark?\",\n                \"acceptedAnswer\": {\n                    \"@type\": \"Answer\",\n                    \"text\": \"\n\n<p>Lovgivningen om onlinespil i Danmark er underlagt den danske spillelov, som blev vedtaget i 2012.<\/p>\n\n\"\n                                    }\n            }\n            \t        ]\n    }\n<\/script>\n","protected":false},"excerpt":{"rendered":"<p>De nyeste online casinoer i Danmark\n<\/p>\n<p>Der bliver l\u00f8bende introduceret nye casinoer i Danmark. Hvert \u00e5r s\u00f8ger flere spillevirksomheder om licens fra Spillemyndigheden i Danmark i h\u00e5b om at blive godkendt og kunne udbyde spil til danskerne.<\/p><\/p>\n","protected":false},"author":1,"featured_media":0,"parent":0,"menu_order":0,"comment_status":"closed","ping_status":"closed","template":"","meta":[],"yoast_head":"<!-- This site is optimized with the Yoast SEO plugin v14.9 - https:\/\/yoast.com\/wordpress\/plugins\/seo\/ -->\n<title>Online Casino \u00bb Top 3 Nye Danske Online Casinoer i\u30102026 \u3011<\/title>\n<meta name=\"description\" content=\"L\u00e6s om de tre nye online casinoer i Danmark PlayToro, Tombola Casino og Miami Jackpots, som er blandt de nye spillesider med dansk licens i 2026 \ud83d\udc46\" \/>\n<meta name=\"robots\" content=\"index, follow, max-snippet:-1, max-image-preview:large, max-video-preview:-1\" \/>\n<link rel=\"canonical\" href=\"https:\/\/www.larrywilde.com\/da\/\" \/>\n<meta property=\"og:locale\" content=\"da_DK\" \/>\n<meta property=\"og:type\" content=\"article\" \/>\n<meta property=\"og:title\" content=\"Online Casino \u00bb Top 3 Nye Danske Online Casinoer i\u30102026 \u3011\" \/>\n<meta property=\"og:description\" content=\"L\u00e6s om de tre nye online casinoer i Danmark PlayToro, Tombola Casino og Miami Jackpots, som er blandt de nye spillesider med dansk licens i 2026 \ud83d\udc46\" \/>\n<meta property=\"og:url\" content=\"https:\/\/www.larrywilde.com\/da\/\" \/>\n<meta property=\"og:site_name\" content=\"Lars (Larry) Wilde&#039;s Online Casino Topplista: B\u00e4sta svenska n\u00e4tcasinon\" \/>\n<meta property=\"article:modified_time\" content=\"2023-07-07T10:04:32+00:00\" \/>\n<meta property=\"og:image\" content=\"https:\/\/www.larrywilde.com\/wp-content\/uploads\/2021\/09\/PlayToro.jpg\" \/>\n<meta name=\"twitter:card\" content=\"summary_large_image\" \/>\n<script type=\"application\/ld+json\" class=\"yoast-schema-graph\">{\"@context\":\"https:\/\/schema.org\",\"@graph\":[{\"@type\":\"WebSite\",\"@id\":\"https:\/\/www.larrywilde.com\/da\/#website\",\"url\":\"https:\/\/www.larrywilde.com\/da\/\",\"name\":\"Lars (Larry) Wilde&#039;s Online Casino Topplista: B\\u00e4sta svenska n\\u00e4tcasinon\",\"description\":\"Att sj\\u00e4lv avg\\u00f6ra vart man b\\u00f6r spela i egenskap av svensk casinospelare kan vara sv\\u00e5rt, s\\u00e4rskilt om man ej tidigare har s\\u00e4rskilt mycket erfarenhet av att spela p\\u00e5 n\\u00e4tet, och av denna anledning har vi samlat ihop denna lista p\\u00e5 de b\\u00e4sta n\\u00e4tcasinon med svensk spellicens.\",\"potentialAction\":[{\"@type\":\"SearchAction\",\"target\":\"https:\/\/www.larrywilde.com\/da\/?s={search_term_string}\",\"query-input\":\"required name=search_term_string\"}],\"inLanguage\":\"da-DK\"},{\"@type\":\"ImageObject\",\"@id\":\"https:\/\/www.larrywilde.com\/da\/#primaryimage\",\"inLanguage\":\"da-DK\",\"url\":\"https:\/\/www.larrywilde.com\/wp-content\/uploads\/2021\/09\/PlayToro.jpg\",\"width\":1025,\"height\":394,\"caption\":\"PlayToro\"},{\"@type\":\"WebPage\",\"@id\":\"https:\/\/www.larrywilde.com\/da\/#webpage\",\"url\":\"https:\/\/www.larrywilde.com\/da\/\",\"name\":\"Online Casino \\u00bb Top 3 Nye Danske Online Casinoer i\\u30102026 \\u3011\",\"isPartOf\":{\"@id\":\"https:\/\/www.larrywilde.com\/da\/#website\"},\"primaryImageOfPage\":{\"@id\":\"https:\/\/www.larrywilde.com\/da\/#primaryimage\"},\"datePublished\":\"2021-09-20T12:01:29+00:00\",\"dateModified\":\"2023-07-07T10:04:32+00:00\",\"description\":\"L\\u00e6s om de tre nye online casinoer i Danmark PlayToro, Tombola Casino og Miami Jackpots, som er blandt de nye spillesider med dansk licens i 2026 \\ud83d\\udc46\",\"inLanguage\":\"da-DK\",\"potentialAction\":[{\"@type\":\"ReadAction\",\"target\":[\"https:\/\/www.larrywilde.com\/da\/\"]}]}]}<\/script>\n<!-- \/ Yoast SEO plugin. -->","_links":{"self":[{"href":"https:\/\/www.larrywilde.com\/da\/wp-json\/wp\/v2\/pages\/268"}],"collection":[{"href":"https:\/\/www.larrywilde.com\/da\/wp-json\/wp\/v2\/pages"}],"about":[{"href":"https:\/\/www.larrywilde.com\/da\/wp-json\/wp\/v2\/types\/page"}],"author":[{"embeddable":true,"href":"https:\/\/www.larrywilde.com\/da\/wp-json\/wp\/v2\/users\/1"}],"replies":[{"embeddable":true,"href":"https:\/\/www.larrywilde.com\/da\/wp-json\/wp\/v2\/comments?post=268"}],"version-history":[{"count":7,"href":"https:\/\/www.larrywilde.com\/da\/wp-json\/wp\/v2\/pages\/268\/revisions"}],"predecessor-version":[{"id":522,"href":"https:\/\/www.larrywilde.com\/da\/wp-json\/wp\/v2\/pages\/268\/revisions\/522"}],"wp:attachment":[{"href":"https:\/\/www.larrywilde.com\/da\/wp-json\/wp\/v2\/media?parent=268"}],"curies":[{"name":"wp","href":"https:\/\/api.w.org\/{rel}","templated":true}]}}