{"id":311,"date":"2021-09-20T18:16:14","date_gmt":"2021-09-20T16:16:14","guid":{"rendered":"https:\/\/www.larrywilde.com\/?page_id=311"},"modified":"2023-07-07T11:57:38","modified_gmt":"2023-07-07T09:57:38","slug":"online-casinos","status":"publish","type":"page","link":"https:\/\/www.larrywilde.com\/nl\/","title":{"rendered":"De nieuwste online casino\u2019s in Nederland: vind kersverse bonussen &#038; online casino\u2019s"},"content":{"rendered":"<h1>De nieuwste online casino\u2019s in Nederland: vind kersverse bonussen &amp; online casino\u2019s<\/h1>\n<p>Aan kwaliteit is er geen gebrek op de meest moderne online gokpaleizen in Nederland.<\/p>\n<ul>\n<li>Iedere dag worden er weer nieuwe spellen en innovaties bedacht om de online gokker in de watten te leggen.<\/li>\n<li>De grote vraag is, laat jij je charmeren of stap je over naar het volgende gokhuis?<\/li>\n<li>Is verantwoord gokken mogelijk bij nieuwe online casino\u2019s in Nederland en wat zijn de verwachtingen van aanstaande gokaanbieders?<\/li>\n<li>Wat zijn de mogelijkheden op de online gokspellen van tegenwoordig en welke softwaremakers faciliteren dit?<\/li>\n<li>Dit en meer komt aan bod in deze recensie over de nieuwste online casino\u2019s in Nederland.<\/li>\n<\/ul>\n<p><!--more--><\/p>\n<h2>Voordelen en nadelen aan de nieuwste online casino\u2019s in Nederland<\/h2>\n<h3>Voordelen<strong>\u00a0<\/strong><\/h3>\n<ul>\n<li>Het beste spellenaanbod<\/li>\n<li>Storten via moderne betaalmethoden<\/li>\n<li>Snellere registratie en betalingen<\/li>\n<li>Scherpe kansspelvergunning<\/li>\n<li>Goede bonussen en bonusvoorwaarden<\/li>\n<\/ul>\n<h3>Nadelen<\/h3>\n<ul>\n<li>Soms geen welkomstbonus<\/li>\n<li>Af en toe slechts \u00e9\u00e9n betaalmethode<\/li>\n<li>Verslavende software<\/li>\n<\/ul>\n<h2>De vooruitzichten van nieuwe online casino technologie in Nederland<\/h2>\n<p>We zien al op vele websites van gokspel aanbieders dat moderne technologie aanwezig is. Bij <a href=\"https:\/\/www.larrywilde.com\/nl\/evolution-gaming-casino\/\">live casino<\/a> spellen zien we bijvoorbeeld HD-camera\u2019s die gericht staan op de tafelspellen, waardoor je een optimale beleving krijgt en je het gevoel bekruipt dat je echt in het casino aanwezig bent. Daar hoef je dus je luie stoel niet eens meer voor uit.<\/p>\n<p>Er is inmiddels aangekondigd door Evolution Gaming dat er nog meer moderne technologie\u00ebn voor de deur staan. Zo staat er een plan op de rol waarbij Virtual Reality brillen in de toekomst kunnen worden gebruikt, zodat de spelbeleving nog realistischer wordt. Deze driedimensionale gameplay heeft ook een nadeel, het is een meeslepende spelervaring waardoor verantwoord gokken een uitdaging wordt.<\/p>\n<h2><b>Hoe kies je een<\/b> online<b> casino in Nederland?<\/b><\/h2>\n<p>Met de toenemende populariteit van online casino&#8217;s kan het kiezen van de juiste casino in Nederland een hele uitdaging zijn. Er zijn verschillende factoren om rekening mee te houden, zoals de licentie, bonussen en beschikbare spellen.<span class=\"Apple-converted-space\">\u00a0<\/span><\/p>\n<ul>\n<li><b>LICENTIE<\/b><\/li>\n<\/ul>\n<p>Een van de meest cruciale factoren om rekening mee te houden bij het kiezen van een online casino in Nederland is de licentie. In Nederland is de Kansspelautoriteit verantwoordelijk voor het verlenen van vergunningen en het reguleren van online gokken. Zoek naar casino&#8217;s die hun licentie-informatie duidelijk op hun website weergeven.<span class=\"Apple-converted-space\">\u00a0<\/span><\/p>\n<ul>\n<li><b>BONUSSEN<\/b><\/li>\n<\/ul>\n<p>Bonussen kunnen je online casino ervaring aanzienlijk verbeteren en mogelijk je winkansen vergroten. Kijk naar welkomstbonussen, stortingsbonussen, gratis spins en loyaliteitsprogramma&#8217;s. Het is echter belangrijk om de voorwaarden van deze bonussen te lezen en te begrijpen, inclusief inzetvereisten en opnamebeperkingen, om een ge\u00efnformeerde beslissing te kunnen nemen.<\/p>\n<ul>\n<li><b>SPELLEN<\/b><\/li>\n<\/ul>\n<p>De vari\u00ebteit en kwaliteit van de spellen die beschikbaar zijn in een online casino zijn cruciale factoren om rekening mee te houden. Een gerenommeerd casino moet een breed scala aan spellen aanbieden, waaronder populaire opties zoals gokkasten, tafelspellen, live dealer spellen en progressieve jackpots. Controleer of het casino samenwerkt met de beste softwareproviders in de industrie, zoals NetEnt, Microgaming of Playtech. Deze aanbieders staan bekend om het produceren van spellen van hoge kwaliteit met uitstekende graphics en innovatieve functies.<\/p>\n<h2>Nieuwe online casino\u2019s in Nederland<\/h2>\n<p>Ten eerste is het van belang dat alles volgens de regels gebeurt en dus een topklasse kansspelvergunning moet hangen aan het online gokhuis van dienst. Ook moeten de softwareontwikkelaars een goede reputatie hebben zodat met vertrouwen kan worden gegokt. Verder moet het bonusaanbod aantrekkelijk zijn want zonder goede casino bonussen navigeer je zo verder naar de volgende aanbieder van gokspellen in Nederland.<\/p>\n<p>Denk bijvoorbeeld aan de reload bonus, no deposit bonus, cashback bonus of de welkomstbonus. Daarnaast wil je dat betalingen snel, effici\u00ebnt en veilig verlopen door een betaalmethode naar keuze. Soms gebeurt het nog wel eens dat er maar \u00e9\u00e9n betaalmethode wordt aangeboden, maar die hoeft nog niet jouw voorkeur te hebben. Ook het spelaanbod moet in orde zijn. Met een gevarieerd aanbod zal je de online gokker over het algemeen meer tevreden stellen dan als er bijvoorbeeld enkel slots te vinden zijn.<\/p>\n<h3>Pino Casino<\/h3>\n<p>Deze gokspellen aanbieder is een van de nieuwste aanwinsten van N1 Interactive Ltd. Dat is een gerenommeerde partij met vele casino spellen op haar naam. Softwaremakers als NetEnt, Microgaming, Evolution Gaming en Play \u2019n Go zijn betrokken bij de spelontwikkeling en een mooi assortiment heeft bijeengebracht. Vooral de betaalmethoden zijn aantrekkelijk want met iDeal en Trustly worden Nederlandse gokkers snel bediend.<\/p>\n<p><img loading=\"lazy\" class=\"alignnone size-full wp-image-317\" src=\"https:\/\/www.larrywilde.com\/wp-content\/uploads\/2021\/09\/Pino-Casino.jpg\" alt=\"Pino Casino\" width=\"1025\" height=\"490\" srcset=\"https:\/\/www.larrywilde.com\/wp-content\/uploads\/2021\/09\/Pino-Casino.jpg 1025w, https:\/\/www.larrywilde.com\/wp-content\/uploads\/2021\/09\/Pino-Casino-300x143.jpg 300w, https:\/\/www.larrywilde.com\/wp-content\/uploads\/2021\/09\/Pino-Casino-768x367.jpg 768w\" sizes=\"(max-width: 1025px) 100vw, 1025px\" \/><\/p>\n<h3>Praise Casino<\/h3>\n<p>Hier wordt een klasse spelaanbod aangeboden van meer dan 2000 speelautomaten. Softwareontwikkelaars Pragmatic Play, Play \u2019n Go, NetEnt en Evolution Gaming hebben daar goed hun best op gedaan. Voor Nederlandse gokkers is iDeal een gewenste betaalmethode en die worden hier op hun wenken bediend. Ook Skrill, Neteller, creditcard, Mastercard, of paysafecard behoort hier tot het betaalassortiment.<\/p>\n<h3>True Flip Casino<\/h3>\n<p>Deze gokspel virtuoos onderscheidt zich op gebied van bonussen. Zo wordt er gestrooid met een Prize Drop prijzenpot waarin wel \u20ac4500 te vinden is. Daarnaast worden er toernooien georganiseerd waarop zelfs een prijzenpot van \u20ac31.000 staat. Helaas is exploitant Blockchain Games nog een onbekende speler, welke draait op de kansspelvergunning van Cura\u00e7ao.<\/p>\n<p><img loading=\"lazy\" class=\"alignnone size-full wp-image-320\" src=\"https:\/\/www.larrywilde.com\/wp-content\/uploads\/2021\/09\/Refuel-Casino.jpg\" alt=\"Refuel Casino\" width=\"1025\" height=\"391\" srcset=\"https:\/\/www.larrywilde.com\/wp-content\/uploads\/2021\/09\/Refuel-Casino.jpg 1025w, https:\/\/www.larrywilde.com\/wp-content\/uploads\/2021\/09\/Refuel-Casino-300x114.jpg 300w, https:\/\/www.larrywilde.com\/wp-content\/uploads\/2021\/09\/Refuel-Casino-768x293.jpg 768w\" sizes=\"(max-width: 1025px) 100vw, 1025px\" \/><\/p>\n<h3>Evospin Casino<\/h3>\n<p>Ten eerste is hier een snelle registratie mogelijk door middel van de Trustly betaalfunctie, waarmee ook bliksemsnelle betalingen mogelijk worden gemaakt. Vervolgens word je verwend met een welkomstbonus van 100% tot \u20ac300 en 100 gratis spins. Daarbovenop zijn ook nog aantrekkelijke reload bonussen te pakken. Het is een professionele casino goksite met een MGA-kansspellicentie.<\/p>\n<h3>Refuel Casino<\/h3>\n<p>Dit is een Pay n Play Casino zonder welkomstbonus. Er wordt in plaats van een stortingsbonus een 10% cashback bonus aangeboden, wat een welkome vergoeding kan zijn mocht je een slechte week hebben. Ondanks dat er slechts \u00e9\u00e9n betaalmethode (Trustly) aan deze website zit gekoppeld, is het toch een van de beste goksites om snel aan je geld te komen en op een veilige manier.<\/p>\n<p><img loading=\"lazy\" class=\"alignnone size-full wp-image-323\" src=\"https:\/\/www.larrywilde.com\/wp-content\/uploads\/2021\/09\/True-Flip-Casino.jpg\" alt=\"True Flip Casino\" width=\"1025\" height=\"346\" srcset=\"https:\/\/www.larrywilde.com\/wp-content\/uploads\/2021\/09\/True-Flip-Casino.jpg 1025w, https:\/\/www.larrywilde.com\/wp-content\/uploads\/2021\/09\/True-Flip-Casino-300x101.jpg 300w, https:\/\/www.larrywilde.com\/wp-content\/uploads\/2021\/09\/True-Flip-Casino-768x259.jpg 768w\" sizes=\"(max-width: 1025px) 100vw, 1025px\" \/><\/p>\n<p><a href=\"https:\/\/zondervergunning.casino\/\">Vind hier casino&#8217;s zonder Nederlandse licentie<\/a>.<\/p>\n<h2><strong>Conclusie<\/strong><\/h2>\n<p>Nieuwe online casino\u2019s hebben een grote uitdaging om de concurrentie te verslaan. Dat kan worden gedaan op gebied van klantenservice, betaalmethoden, spelaanbod, bonusaanbiedingen en software. In deze recensie hebben we uit de doeken gedaan welke online gokhuizen de nieuwste online casino\u2019s in Nederland in 2021 zijn en waarom je daar naartoe moet.<\/p>\n<h2><strong>FAQ<\/strong><\/h2>\n        <section class=\"sc_fs_faq sc_card\">\n            <div>\n\t\t\t\t<h3>Zijn er welkomstbonussen te vinden bij nieuwe online casino\u2019s?<\/h3>                <div>\n\t\t\t\t\t                    <p>\n\t\t\t\t\t\tDat ligt eraan. Vaak zie je bij Pay \u2019n Play casino\u2019s dat er cashback bonussen worden aangeboden in plaats van welkomstbonussen.                     <\/p>\n                <\/div>\n            <\/div>\n        <\/section>\n\t        <section class=\"sc_fs_faq sc_card\">\n            <div>\n\t\t\t\t<h3>Zijn nieuwe casino\u2019s in Nederland te vertrouwen?<\/h3>                <div>\n\t\t\t\t\t                    <p>\n\t\t\t\t\t\tJa. De meeste voldoen aan de eisen van de MGA-kansspelvergunning.                    <\/p>\n                <\/div>\n            <\/div>\n        <\/section>\n\t        <section class=\"sc_fs_faq sc_card\">\n            <div>\n\t\t\t\t<h3>Wat is het nadeel aan nieuwe online gokhuizen in Nederland?<\/h3>                <div>\n\t\t\t\t\t                    <p>\n\t\t\t\t\t\tHet kan zo zijn dat er enorm meeslepende software te vinden is, waardoor het moeilijk is om van het gokspellen aanbod afscheid te nemen naderhand. Bovendien loop je je loyaliteitspremies mis op je oude favoriete spelsite.                     <\/p>\n                <\/div>\n            <\/div>\n        <\/section>\n\t\n<script type=\"application\/ld+json\">\n    {\n        \"@context\": \"https:\/\/schema.org\",\n        \"@type\": \"FAQPage\",\n        \"mainEntity\": [\n                    {\n                \"@type\": \"Question\",\n                \"name\": \"Zijn er welkomstbonussen te vinden bij nieuwe online casino\u2019s?\",\n                \"acceptedAnswer\": {\n                    \"@type\": \"Answer\",\n                    \"text\": \"Dat ligt eraan. Vaak zie je bij Pay \u2019n Play casino\u2019s dat er cashback bonussen worden aangeboden in plaats van welkomstbonussen. \"\n                                    }\n            }\n            ,\t            {\n                \"@type\": \"Question\",\n                \"name\": \"Zijn nieuwe casino\u2019s in Nederland te vertrouwen?\",\n                \"acceptedAnswer\": {\n                    \"@type\": \"Answer\",\n                    \"text\": \"Ja. De meeste voldoen aan de eisen van de MGA-kansspelvergunning.\"\n                                    }\n            }\n            ,\t            {\n                \"@type\": \"Question\",\n                \"name\": \"Wat is het nadeel aan nieuwe online gokhuizen in Nederland?\",\n                \"acceptedAnswer\": {\n                    \"@type\": \"Answer\",\n                    \"text\": \"Het kan zo zijn dat er enorm meeslepende software te vinden is, waardoor het moeilijk is om van het gokspellen aanbod afscheid te nemen naderhand. Bovendien loop je je loyaliteitspremies mis op je oude favoriete spelsite. \"\n                                    }\n            }\n            \t        ]\n    }\n<\/script>\n\n\n\n<p>Lees ook:&nbsp;<a href=\"https:\/\/www.larrywilde.com\/nl\/netent-gokkasten\/\">De Beste NetEnt Gokkasten<\/a>.<\/p>\n","protected":false},"excerpt":{"rendered":"<p>De nieuwste online casino\u2019s in Nederland: vind kersverse bonussen &amp; online casino\u2019s<\/p>\n<p>Aan kwaliteit is er geen gebrek op de meest moderne online gokpaleizen in Nederland.<\/p>\n<p>Iedere dag worden er weer nieuwe spellen en innovaties bedacht om de online gokker in de watten te leggen.<br \/>\nDe grote vraag is, laat jij je charmeren of stap je over naar het volgende gokhuis?<br \/>\nIs verantwoord gokken mogelijk bij nieuwe online casino\u2019s in Nederland en wat zijn de verwachtingen van aanstaande gokaanbieders?<br \/>\nWat zijn de mogelijkheden op de online gokspellen van tegenwoordig en welke softwaremakers faciliteren dit?<br \/>\nDit en meer komt aan bod in deze recensie over de nieuwste online casino\u2019s in Nederland.<\/p>\n","protected":false},"author":1,"featured_media":0,"parent":0,"menu_order":0,"comment_status":"closed","ping_status":"closed","template":"","meta":[],"yoast_head":"<!-- This site is optimized with the Yoast SEO plugin v14.9 - https:\/\/yoast.com\/wordpress\/plugins\/seo\/ -->\n<title>Nieuwe online casino&#039;s in Nederland 2026 - vind je op de nieuwste goksites<\/title>\n<meta name=\"description\" content=\"De nieuwste online casino\u2019s in Nederland in 2021 \u2713 hebben alles in huis, van bliksemsnelle betalingen en MGA-licentie, tot uitgebreid bonus- en spellenaanbod \ud83c\udfb0.\" \/>\n<meta name=\"robots\" content=\"index, follow, max-snippet:-1, max-image-preview:large, max-video-preview:-1\" \/>\n<link rel=\"canonical\" href=\"https:\/\/www.larrywilde.com\/nl\/\" \/>\n<meta property=\"og:locale\" content=\"nl_NL\" \/>\n<meta property=\"og:type\" content=\"article\" \/>\n<meta property=\"og:title\" content=\"Nieuwe online casino&#039;s in Nederland 2026 - vind je op de nieuwste goksites\" \/>\n<meta property=\"og:description\" content=\"De nieuwste online casino\u2019s in Nederland in 2021 \u2713 hebben alles in huis, van bliksemsnelle betalingen en MGA-licentie, tot uitgebreid bonus- en spellenaanbod \ud83c\udfb0.\" \/>\n<meta property=\"og:url\" content=\"https:\/\/www.larrywilde.com\/nl\/\" \/>\n<meta property=\"og:site_name\" content=\"Lars (Larry) Wilde&#039;s Online Casino Topplista: B\u00e4sta svenska n\u00e4tcasinon\" \/>\n<meta property=\"article:modified_time\" content=\"2023-07-07T09:57:38+00:00\" \/>\n<meta property=\"og:image\" content=\"https:\/\/www.larrywilde.com\/wp-content\/uploads\/2021\/09\/Pino-Casino.jpg\" \/>\n<meta name=\"twitter:card\" content=\"summary_large_image\" \/>\n<script type=\"application\/ld+json\" class=\"yoast-schema-graph\">{\"@context\":\"https:\/\/schema.org\",\"@graph\":[{\"@type\":\"WebSite\",\"@id\":\"https:\/\/www.larrywilde.com\/nl\/#website\",\"url\":\"https:\/\/www.larrywilde.com\/nl\/\",\"name\":\"Lars (Larry) Wilde&#039;s Online Casino Topplista: B\\u00e4sta svenska n\\u00e4tcasinon\",\"description\":\"Att sj\\u00e4lv avg\\u00f6ra vart man b\\u00f6r spela i egenskap av svensk casinospelare kan vara sv\\u00e5rt, s\\u00e4rskilt om man ej tidigare har s\\u00e4rskilt mycket erfarenhet av att spela p\\u00e5 n\\u00e4tet, och av denna anledning har vi samlat ihop denna lista p\\u00e5 de b\\u00e4sta n\\u00e4tcasinon med svensk spellicens.\",\"potentialAction\":[{\"@type\":\"SearchAction\",\"target\":\"https:\/\/www.larrywilde.com\/nl\/?s={search_term_string}\",\"query-input\":\"required name=search_term_string\"}],\"inLanguage\":\"nl\"},{\"@type\":\"ImageObject\",\"@id\":\"https:\/\/www.larrywilde.com\/nl\/#primaryimage\",\"inLanguage\":\"nl\",\"url\":\"https:\/\/www.larrywilde.com\/wp-content\/uploads\/2021\/09\/Pino-Casino.jpg\",\"width\":1025,\"height\":490,\"caption\":\"Pino Casino\"},{\"@type\":\"WebPage\",\"@id\":\"https:\/\/www.larrywilde.com\/nl\/#webpage\",\"url\":\"https:\/\/www.larrywilde.com\/nl\/\",\"name\":\"Nieuwe online casino's in Nederland 2026 - vind je op de nieuwste goksites\",\"isPartOf\":{\"@id\":\"https:\/\/www.larrywilde.com\/nl\/#website\"},\"primaryImageOfPage\":{\"@id\":\"https:\/\/www.larrywilde.com\/nl\/#primaryimage\"},\"datePublished\":\"2021-09-20T16:16:14+00:00\",\"dateModified\":\"2023-07-07T09:57:38+00:00\",\"description\":\"De nieuwste online casino\\u2019s in Nederland in 2021 \\u2713 hebben alles in huis, van bliksemsnelle betalingen en MGA-licentie, tot uitgebreid bonus- en spellenaanbod \\ud83c\\udfb0.\",\"inLanguage\":\"nl\",\"potentialAction\":[{\"@type\":\"ReadAction\",\"target\":[\"https:\/\/www.larrywilde.com\/nl\/\"]}]}]}<\/script>\n<!-- \/ Yoast SEO plugin. -->","_links":{"self":[{"href":"https:\/\/www.larrywilde.com\/nl\/wp-json\/wp\/v2\/pages\/311"}],"collection":[{"href":"https:\/\/www.larrywilde.com\/nl\/wp-json\/wp\/v2\/pages"}],"about":[{"href":"https:\/\/www.larrywilde.com\/nl\/wp-json\/wp\/v2\/types\/page"}],"author":[{"embeddable":true,"href":"https:\/\/www.larrywilde.com\/nl\/wp-json\/wp\/v2\/users\/1"}],"replies":[{"embeddable":true,"href":"https:\/\/www.larrywilde.com\/nl\/wp-json\/wp\/v2\/comments?post=311"}],"version-history":[{"count":8,"href":"https:\/\/www.larrywilde.com\/nl\/wp-json\/wp\/v2\/pages\/311\/revisions"}],"predecessor-version":[{"id":514,"href":"https:\/\/www.larrywilde.com\/nl\/wp-json\/wp\/v2\/pages\/311\/revisions\/514"}],"wp:attachment":[{"href":"https:\/\/www.larrywilde.com\/nl\/wp-json\/wp\/v2\/media?parent=311"}],"curies":[{"name":"wp","href":"https:\/\/api.w.org\/{rel}","templated":true}]}}